{"id":970,"date":"2021-11-29T17:55:45","date_gmt":"2021-11-29T17:55:45","guid":{"rendered":"http:\/\/arquitectura101.com\/?page_id=970"},"modified":"2023-08-24T20:42:56","modified_gmt":"2023-08-24T20:42:56","slug":"coliving85","status":"publish","type":"page","link":"http:\/\/arquitectura101.com\/index.php\/coliving85\/","title":{"rendered":"COLIVING 85"},"content":{"rendered":"<p>[et_pb_section fb_built=&#8221;1&#8243; _builder_version=&#8221;4.7.6&#8243; _module_preset=&#8221;default&#8221; background_image=&#8221;http:\/\/arquitectura101.com\/wp-content\/uploads\/2023\/08\/fondo-puntos-01.svg&#8221; parallax=&#8221;on&#8221; parallax_method=&#8221;off&#8221; custom_padding=&#8221;30px|||||&#8221; background_last_edited=&#8221;on|desktop&#8221; background_enable_image_phone=&#8221;off&#8221;][et_pb_row column_structure=&#8221;1_2,1_2&#8243; _builder_version=&#8221;4.7.6&#8243; _module_preset=&#8221;default&#8221; width=&#8221;100%&#8221; max_width=&#8221;1415px&#8221;][et_pb_column type=&#8221;1_2&#8243; _builder_version=&#8221;4.7.6&#8243; _module_preset=&#8221;default&#8221;][et_pb_code _builder_version=&#8221;4.7.6&#8243; _module_preset=&#8221;default&#8221; text_orientation=&#8221;center&#8221; width=&#8221;79%&#8221; module_alignment=&#8221;center&#8221;]<\/p>\n<div class=\"image-container-2\"><!-- [et_pb_line_break_holder] --><\/p>\n<div class=\"titulo-normal\"> Coliving\u00a0<span style=\"color:black\">85<\/span><\/div>\n<p><!-- [et_pb_line_break_holder] --><!-- [et_pb_line_break_holder] -->  <!\u2013- [et_pb_br_holder] -\u2013><!\u2013- [et_pb_br_holder] -\u2013><!-- [et_pb_line_break_holder] -->  <img decoding=\"async\" src=\"http:\/\/arquitectura101.com\/wp-content\/uploads\/2023\/03\/Sin-titulo-1.jpg\" alt=\"Imagen\" \/><!-- [et_pb_line_break_holder] --><\/div>\n<p>[\/et_pb_code][\/et_pb_column][et_pb_column type=&#8221;1_2&#8243; _builder_version=&#8221;4.7.6&#8243; _module_preset=&#8221;default&#8221;][et_pb_gallery gallery_ids=&#8221;1557,1558,1559&#8243; fullwidth=&#8221;on&#8221; _builder_version=&#8221;4.7.6&#8243; _module_preset=&#8221;default&#8221; width=&#8221;66%&#8221; module_alignment=&#8221;center&#8221; custom_padding=&#8221;|2px||||&#8221; child_filter_saturate=&#8221;90%&#8221;][\/et_pb_gallery][\/et_pb_column][\/et_pb_row][et_pb_row disabled_on=&#8221;off|on|on&#8221; _builder_version=&#8221;4.7.6&#8243; _module_preset=&#8221;default&#8221; background_enable_color=&#8221;off&#8221; background_enable_image=&#8221;off&#8221; min_height=&#8221;77%&#8221;][et_pb_column type=&#8221;4_4&#8243; _builder_version=&#8221;4.7.6&#8243; _module_preset=&#8221;default&#8221; background_color=&#8221;rgba(255,255,255,0)&#8221; z_index=&#8221;43&#8243; animation_style=&#8221;slide&#8221; animation_speed_curve=&#8221;linear&#8221; border_width_all=&#8221;3px&#8221;][et_pb_text _builder_version=&#8221;4.7.6&#8243; _module_preset=&#8221;default&#8221; text_font=&#8221;Arial|900|||||||&#8221; text_font_size=&#8221;395%&#8221; text_line_height=&#8221;1em&#8221; background_color=&#8221;rgba(0,0,0,0)&#8221; width=&#8221;100%&#8221; max_width=&#8221;95%&#8221; custom_margin=&#8221;37px||||false|false&#8221; custom_padding=&#8221;||0px|36px||&#8221;]<\/p>\n<p style=\"font-size: 0.3em; text-align: center;\"><span style=\"font-size: 3em;\">Coliving\u00a0\u00a0<\/span><span color=\"#000000\" style=\"font-size: 3em; color: #000000;\">85<\/span><\/p>\n<p style=\"font-size: 0.3em; text-align: center;\"><span color=\"#000000\" style=\"font-size: 3em; color: #000000;\"><\/span><\/p>\n<p style=\"font-size: 0.3em; text-align: center;\"><span color=\"#000000\" style=\"font-size: 3em; color: #000000;\"><\/span><\/p>\n<p>[\/et_pb_text][\/et_pb_column][\/et_pb_row][et_pb_row _builder_version=&#8221;4.7.6&#8243; _module_preset=&#8221;default&#8221; hover_enabled=&#8221;0&#8243; sticky_enabled=&#8221;0&#8243; background_enable_color=&#8221;off&#8221;][et_pb_column type=&#8221;4_4&#8243; _builder_version=&#8221;4.7.6&#8243; _module_preset=&#8221;default&#8221;][et_pb_text _builder_version=&#8221;4.7.6&#8243; _module_preset=&#8221;default&#8221; hover_enabled=&#8221;0&#8243; sticky_enabled=&#8221;0&#8243;]<\/p>\n<div class=\"parrafo-intro\">Un proyecto de coliving \u00fanico, contempor\u00e1neo y sobresaliente en el norte de Bogot\u00e1, donde el dise\u00f1o, las zonas comunes y el concepto arquitect\u00f3nico definen su personalidad j\u00f3ven y din\u00e1mica.<\/p>\n<p> Su ubicaci\u00f3n cerca al parque El Virrey, rodeado de importantes v\u00edas de acceso y prestigiosos sectores comerciales, aumentan su atractivo y le hacen a\u00fan m\u00e1s relevante.<\/p>\n<p>&nbsp;<\/p>\n<\/div>\n<p>[\/et_pb_text][\/et_pb_column][\/et_pb_row][et_pb_row column_structure=&#8221;1_3,1_3,1_3&#8243; _builder_version=&#8221;4.7.6&#8243; _module_preset=&#8221;default&#8221;][et_pb_column type=&#8221;1_3&#8243; _builder_version=&#8221;4.7.6&#8243; _module_preset=&#8221;default&#8221;][et_pb_code _builder_version=&#8221;4.7.6&#8243; _module_preset=&#8221;default&#8221;]<!-- [et_pb_line_break_holder] --><\/p>\n<div class=\"image-container\"><!-- [et_pb_line_break_holder] -->  <img decoding=\"async\" src=\"http:\/\/arquitectura101.com\/wp-content\/uploads\/2023\/08\/Imagenes-Columnas-Coliving-85-3.jpg\" alt=\"Imagen\" \/><!-- [et_pb_line_break_holder] --><\/div>\n<p>[\/et_pb_code][et_pb_code _builder_version=&#8221;4.7.6&#8243; _module_preset=&#8221;default&#8221;]  <\/p>\n<div class=\"parrafo-destacado\"><!-- [et_pb_line_break_holder] -->    Este edificio tipo CoLiving cuenta con un \u00e1rea construida de 3.109,95 metros cuadrados, 8 pisos, 2 sotanos y una gran terraza, su dise\u00f1o en la fachada se destaca por tener una hermosa celos\u00eda que le da un estilo \u00fanico a estos edificios.<!-- [et_pb_line_break_holder] -->  <\/div>\n<p><!-- [et_pb_line_break_holder] --> <!-- [et_pb_line_break_holder] -->  <!-- [et_pb_line_break_holder] --> <\/p>\n<div class=\"parrafo-normal\"><!-- [et_pb_line_break_holder] -->   <!\u2013- [et_pb_br_holder] -\u2013><!-- [et_pb_line_break_holder] -->Coliving busca brindar estad\u00eda de corta, mediana y larga estancia a turistas, empresarios, estudiantes y p\u00fablico que visite la ciudad de Bogot\u00e1. Estos apartaestudios son amoblados y ofrece espacios para CoWorking, zonas comunes como gimnasio, terraza, salas de juntas, sala de juegos, lavander\u00eda, entre otros. <!-- [et_pb_line_break_holder] --><!\u2013- [et_pb_br_holder] -\u2013><!\u2013- [et_pb_br_holder] -\u2013><!-- [et_pb_line_break_holder] -->Cabe resaltar que el dise\u00f1o del piso de cer\u00e1mica que se encuentra en el primer piso caracteriza cada rinc\u00f3n de este moderno edificio.<\/div>\n<p>[\/et_pb_code][et_pb_button button_url=&#8221;http:\/\/arquitectura101.com\/index.php\/2022\/01\/13\/fachada-coliving-85\/&#8221; url_new_window=&#8221;on&#8221; button_text=&#8221;CONCEPTO&#8221; button_alignment=&#8221;center&#8221; _builder_version=&#8221;4.7.6&#8243; _module_preset=&#8221;default&#8221; custom_button=&#8221;on&#8221; button_border_radius=&#8221;0px&#8221; button_icon_color=&#8221;#000000&#8243;][\/et_pb_button][\/et_pb_column][et_pb_column type=&#8221;1_3&#8243; _builder_version=&#8221;4.7.6&#8243; _module_preset=&#8221;default&#8221;][et_pb_code _builder_version=&#8221;4.7.6&#8243; _module_preset=&#8221;default&#8221;]<!-- [et_pb_line_break_holder] --><\/p>\n<div class=\"image-container\"><!-- [et_pb_line_break_holder] -->  <img decoding=\"async\" src=\"http:\/\/arquitectura101.com\/wp-content\/uploads\/2023\/08\/Imagenes-Columnas-Coliving-85-2.jpg\" alt=\"Imagen\" \/><!-- [et_pb_line_break_holder] --><\/div>\n<p>[\/et_pb_code][et_pb_code _builder_version=&#8221;4.7.6&#8243; _module_preset=&#8221;default&#8221;]  <\/p>\n<div class=\"parrafo-normal\"><!-- [et_pb_line_break_holder] --> <!-- [et_pb_line_break_holder] -->Este proyecto fue dise\u00f1ado pensando en la comodidad de cada uno de sus hu\u00e9spedes, quienes encontrar\u00e1n cada suit totalmente dotada con todo el mobiliario para tener la mejor experiencia, las camas son tipo Queen o King, sof\u00e1-camas, bater\u00eda de ba\u00f1o completa, cocina integral, mesa comedor, utensilios de cocina, electrodom\u00e9sticos, luminarias, hermosa decoraci\u00f3n y ventaner\u00eda de techo a piso con sistema anti-ruido el cual permite un mejor descanso. <!-- [et_pb_line_break_holder] --><!-- [et_pb_line_break_holder] --><\/div>\n<p>[\/et_pb_code][et_pb_button button_url=&#8221;http:\/\/arquitectura101.com\/index.php\/2022\/01\/13\/avances-coliving-85-2022\/&#8221; url_new_window=&#8221;on&#8221; button_text=&#8221;RENDERS&#8221; button_alignment=&#8221;center&#8221; _builder_version=&#8221;4.7.6&#8243; _module_preset=&#8221;default&#8221; custom_button=&#8221;on&#8221; button_border_radius=&#8221;0px&#8221; button_icon_color=&#8221;#000000&#8243;][\/et_pb_button][\/et_pb_column][et_pb_column type=&#8221;1_3&#8243; _builder_version=&#8221;4.7.6&#8243; _module_preset=&#8221;default&#8221;][et_pb_code _builder_version=&#8221;4.7.6&#8243; _module_preset=&#8221;default&#8221;]<\/p>\n<div class=\"image-container\"><!-- [et_pb_line_break_holder] -->  <img decoding=\"async\" src=\"http:\/\/arquitectura101.com\/wp-content\/uploads\/2023\/08\/Imagenes-Columnas-Coliving-85-1.jpg\" alt=\"Imagen\" \/><!-- [et_pb_line_break_holder] --><\/div>\n<p>[\/et_pb_code][et_pb_code _builder_version=&#8221;4.7.6&#8243; _module_preset=&#8221;default&#8221;] <\/p>\n<div class=\"parrafo-normal\"><!-- [et_pb_line_break_holder] --> <!-- [et_pb_line_break_holder] -->Un proyecto de coliving \u00fanico, contempor\u00e1neo y sobresaliente en el norte de Bogot\u00e1, donde el dise\u00f1o, las zonas comunes y el concepto arquitect\u00f3nico definen su personalidad j\u00f3ven y din\u00e1mica.<!-- [et_pb_line_break_holder] --><!-- [et_pb_line_break_holder] --><\/div>\n<p>[\/et_pb_code][et_pb_button button_url=&#8221;@ET-DC@eyJkeW5hbWljIjp0cnVlLCJjb250ZW50IjoicG9zdF9saW5rX3VybF9wb3N0Iiwic2V0dGluZ3MiOnsicG9zdF9pZCI6IjEyODYifX0=@&#8221; url_new_window=&#8221;on&#8221; button_text=&#8221;CONSTRUCCI\u00d3N&#8221; button_alignment=&#8221;center&#8221; _builder_version=&#8221;4.7.6&#8243; _dynamic_attributes=&#8221;button_url&#8221; _module_preset=&#8221;default&#8221; custom_button=&#8221;on&#8221; button_border_radius=&#8221;0px&#8221; button_icon_color=&#8221;#000000&#8243;][\/et_pb_button][\/et_pb_column][\/et_pb_row][et_pb_row column_structure=&#8221;1_3,1_3,1_3&#8243; _builder_version=&#8221;4.7.6&#8243; _module_preset=&#8221;default&#8221; saved_tabs=&#8221;all&#8221;][et_pb_column type=&#8221;1_3&#8243; _builder_version=&#8221;4.7.6&#8243; _module_preset=&#8221;default&#8221;][et_pb_code _builder_version=&#8221;4.7.6&#8243; _module_preset=&#8221;default&#8221;][\/et_pb_code][\/et_pb_column][et_pb_column type=&#8221;1_3&#8243; _builder_version=&#8221;4.7.6&#8243; _module_preset=&#8221;default&#8221;][et_pb_text _builder_version=&#8221;4.7.6&#8243; _module_preset=&#8221;default&#8221;][\/et_pb_text][\/et_pb_column][et_pb_column type=&#8221;1_3&#8243; _builder_version=&#8221;4.7.6&#8243; _module_preset=&#8221;default&#8221;][et_pb_text _builder_version=&#8221;4.7.6&#8243; _module_preset=&#8221;default&#8221;][\/et_pb_text][\/et_pb_column][\/et_pb_row][\/et_pb_section]<\/p>\n","protected":false},"excerpt":{"rendered":"<p>[et_pb_section fb_built=&#8221;1&#8243; _builder_version=&#8221;4.7.6&#8243; _module_preset=&#8221;default&#8221; background_image=&#8221;http:\/\/arquitectura101.com\/wp-content\/uploads\/2023\/08\/fondo-puntos-01.svg&#8221; parallax=&#8221;on&#8221; parallax_method=&#8221;off&#8221; custom_padding=&#8221;30px|||||&#8221; background_last_edited=&#8221;on|desktop&#8221; background_enable_image_phone=&#8221;off&#8221;][et_pb_row column_structure=&#8221;1_2,1_2&#8243; _builder_version=&#8221;4.7.6&#8243; _module_preset=&#8221;default&#8221; width=&#8221;100%&#8221; max_width=&#8221;1415px&#8221;][et_pb_column type=&#8221;1_2&#8243; _builder_version=&#8221;4.7.6&#8243; _module_preset=&#8221;default&#8221;][et_pb_code _builder_version=&#8221;4.7.6&#8243; _module_preset=&#8221;default&#8221; text_orientation=&#8221;center&#8221; width=&#8221;79%&#8221; module_alignment=&#8221;center&#8221;] Coliving\u00a085 [\/et_pb_code][\/et_pb_column][et_pb_column type=&#8221;1_2&#8243; _builder_version=&#8221;4.7.6&#8243; _module_preset=&#8221;default&#8221;][et_pb_gallery gallery_ids=&#8221;1557,1558,1559&#8243; fullwidth=&#8221;on&#8221; _builder_version=&#8221;4.7.6&#8243; _module_preset=&#8221;default&#8221; width=&#8221;66%&#8221; module_alignment=&#8221;center&#8221; custom_padding=&#8221;|2px||||&#8221; child_filter_saturate=&#8221;90%&#8221;][\/et_pb_gallery][\/et_pb_column][\/et_pb_row][et_pb_row disabled_on=&#8221;off|on|on&#8221; _builder_version=&#8221;4.7.6&#8243; _module_preset=&#8221;default&#8221; background_enable_color=&#8221;off&#8221; background_enable_image=&#8221;off&#8221; min_height=&#8221;77%&#8221;][et_pb_column type=&#8221;4_4&#8243; _builder_version=&#8221;4.7.6&#8243; _module_preset=&#8221;default&#8221; background_color=&#8221;rgba(255,255,255,0)&#8221; z_index=&#8221;43&#8243; animation_style=&#8221;slide&#8221; animation_speed_curve=&#8221;linear&#8221; border_width_all=&#8221;3px&#8221;][et_pb_text _builder_version=&#8221;4.7.6&#8243; _module_preset=&#8221;default&#8221; text_font=&#8221;Arial|900|||||||&#8221; text_font_size=&#8221;395%&#8221; text_line_height=&#8221;1em&#8221; [&hellip;]<\/p>\n","protected":false},"author":1,"featured_media":0,"parent":0,"menu_order":0,"comment_status":"closed","ping_status":"closed","template":"","meta":{"_et_pb_use_builder":"on","_et_pb_old_content":"","_et_gb_content_width":"","footnotes":""},"class_list":["post-970","page","type-page","status-publish","hentry"],"_links":{"self":[{"href":"http:\/\/arquitectura101.com\/index.php\/wp-json\/wp\/v2\/pages\/970","targetHints":{"allow":["GET"]}}],"collection":[{"href":"http:\/\/arquitectura101.com\/index.php\/wp-json\/wp\/v2\/pages"}],"about":[{"href":"http:\/\/arquitectura101.com\/index.php\/wp-json\/wp\/v2\/types\/page"}],"author":[{"embeddable":true,"href":"http:\/\/arquitectura101.com\/index.php\/wp-json\/wp\/v2\/users\/1"}],"replies":[{"embeddable":true,"href":"http:\/\/arquitectura101.com\/index.php\/wp-json\/wp\/v2\/comments?post=970"}],"version-history":[{"count":107,"href":"http:\/\/arquitectura101.com\/index.php\/wp-json\/wp\/v2\/pages\/970\/revisions"}],"predecessor-version":[{"id":1692,"href":"http:\/\/arquitectura101.com\/index.php\/wp-json\/wp\/v2\/pages\/970\/revisions\/1692"}],"wp:attachment":[{"href":"http:\/\/arquitectura101.com\/index.php\/wp-json\/wp\/v2\/media?parent=970"}],"curies":[{"name":"wp","href":"https:\/\/api.w.org\/{rel}","templated":true}]}}