{"id":659,"date":"2021-10-15T16:35:22","date_gmt":"2021-10-15T16:35:22","guid":{"rendered":"http:\/\/arquitectura101.com\/?page_id=659"},"modified":"2023-08-24T20:50:59","modified_gmt":"2023-08-24T20:50:59","slug":"servicios","status":"publish","type":"page","link":"http:\/\/arquitectura101.com\/index.php\/servicios\/","title":{"rendered":"SERVICIOS"},"content":{"rendered":"<p>[et_pb_section fb_built=&#8221;1&#8243; module_id=&#8221;&#8216;FONDO_PARTICULAS'&#8221; module_class=&#8221;&#8216;FONDO_PARTICULAS'&#8221; _builder_version=&#8221;4.7.6&#8243; _module_preset=&#8221;default&#8221; background_enable_color=&#8221;off&#8221; use_background_color_gradient=&#8221;on&#8221; background_color_gradient_start=&#8221;rgba(10,0,0,0.93)&#8221; background_color_gradient_end=&#8221;rgba(0,0,0,0.96)&#8221; background_image=&#8221;http:\/\/arquitectura101.com\/wp-content\/uploads\/2023\/08\/fondo-lineas-01.svg&#8221; parallax=&#8221;on&#8221; parallax_method=&#8221;off&#8221; custom_padding=&#8221;30px|||||&#8221; filter_hue_rotate=&#8221;22deg&#8221; filter_saturate=&#8221;0%&#8221; hover_enabled=&#8221;0&#8243; custom_css_before=&#8221;&#8216;FONDO_PARTICULAS'&#8221; custom_css_main_element=&#8221;&#8216;FONDO_PARTICULAS'&#8221; custom_css_after=&#8221;&#8216;FONDO_PARTICULAS'&#8221; filter_contrast__hover_enabled=&#8221;on|desktop&#8221; filter_contrast__hover=&#8221;&#8221; background__hover_enabled=&#8221;off|hover&#8221; background_enable_image__hover=&#8221;off&#8221; background_enable_color__hover=&#8221;off&#8221; sticky_enabled=&#8221;0&#8243; title_text=&#8221;fondo lineas-01&#8243; null=&#8221;rgba(10,10,10,0)&#8221;][et_pb_row column_structure=&#8221;1_3,1_3,1_3&#8243; _builder_version=&#8221;4.7.6&#8243; _module_preset=&#8221;default&#8221;][et_pb_column type=&#8221;1_3&#8243; _builder_version=&#8221;4.7.6&#8243; _module_preset=&#8221;default&#8221;][\/et_pb_column][et_pb_column type=&#8221;1_3&#8243; _builder_version=&#8221;4.7.6&#8243; _module_preset=&#8221;default&#8221;][\/et_pb_column][et_pb_column type=&#8221;1_3&#8243; _builder_version=&#8221;4.7.6&#8243; _module_preset=&#8221;default&#8221;][\/et_pb_column][\/et_pb_row][et_pb_row column_structure=&#8221;1_2,1_2&#8243; _builder_version=&#8221;4.7.6&#8243; _module_preset=&#8221;default&#8221; transform_translate_linked=&#8221;off&#8221; custom_padding=&#8221;194px||154px|||&#8221; hover_enabled=&#8221;0&#8243; transform_styles__hover_enabled=&#8221;on|desktop&#8221; transform_scale__hover_enabled=&#8221;on|desktop&#8221; transform_translate__hover_enabled=&#8221;on|desktop&#8221; transform_rotate__hover_enabled=&#8221;on|desktop&#8221; transform_skew__hover_enabled=&#8221;on|desktop&#8221; transform_origin__hover_enabled=&#8221;on|desktop&#8221; width=&#8221;50%&#8221; sticky_enabled=&#8221;0&#8243;][et_pb_column type=&#8221;1_2&#8243; _builder_version=&#8221;4.7.6&#8243; _module_preset=&#8221;default&#8221;][dsm_flipbox _builder_version=&#8221;4.7.6&#8243; _module_preset=&#8221;default&#8221;][dsm_flipbox_child image=&#8221;http:\/\/arquitectura101.com\/wp-content\/uploads\/2021\/11\/Proyeccion-2.svg&#8221; button_url_new_window=&#8221;1&#8243; _builder_version=&#8221;4.7.6&#8243; _module_preset=&#8221;default&#8221;][\/dsm_flipbox_child][dsm_flipbox_child button_url_new_window=&#8221;1&#8243; _builder_version=&#8221;4.7.6&#8243; _module_preset=&#8221;default&#8221; custom_margin=&#8221;||||false|false&#8221; custom_padding=&#8221;0px|40px||40px|false|false&#8221; border_color_all=&#8221;#ffffff&#8221;]<\/p>\n<p style=\"text-align: justify; color: white; font-size: 1.7em; font-weight: 400; line-height:1.4em\">Sabemos que proyectar espacios es un arte, ya que adem\u00e1s de realizar un estudio t\u00e9cnico de variables como el entorno f\u00edsico, normativo y social, tambi\u00e9n pensamos en la funcionalidad de la obra, donde cada rinc\u00f3n se adapta al objetivo y prop\u00f3sito de quien lo habite o haga uso de este.<br \/>\nEn esta fase se presenta un predise\u00f1o donde se analiza la Factibilidad del proyecto.<br \/>\nAn\u00e1lisis Normativo<\/p>\n<p style=\"text-align: justify;\">[\/dsm_flipbox_child][\/dsm_flipbox][\/et_pb_column][et_pb_column type=&#8221;1_2&#8243; _builder_version=&#8221;4.7.6&#8243; _module_preset=&#8221;default&#8221;][dsm_flipbox _builder_version=&#8221;4.7.6&#8243; _module_preset=&#8221;default&#8221;][dsm_flipbox_child image=&#8221;http:\/\/arquitectura101.com\/wp-content\/uploads\/2022\/09\/Diseno-Arquitectonico.svg&#8221; button_url_new_window=&#8221;1&#8243; _builder_version=&#8221;4.7.6&#8243; _module_preset=&#8221;default&#8221;][\/dsm_flipbox_child][dsm_flipbox_child button_url_new_window=&#8221;1&#8243; _builder_version=&#8221;4.7.6&#8243; _module_preset=&#8221;default&#8221; custom_margin=&#8221;||||false|false&#8221; custom_padding=&#8221;0px|40px||40px|false|false&#8221; border_color_all=&#8221;#ffffff&#8221;]<\/p>\n<p style=\"text-align: justify; color: white; font-size: 1.7em; font-weight: 400; line-height: 1.4em;\">A partir de la proyecci\u00f3n generamos dise\u00f1os arquitect\u00f3nicos donde lo funcional y est\u00e9tico juegan un papel importante, en este proceso realizamos planos de la planta, elevaciones, dimensiones totales, secciones adicionales del dise\u00f1o, detalles del dise\u00f1o\u2026\n<\/p>\n<p style=\"text-align: justify;\">[\/dsm_flipbox_child][\/dsm_flipbox][\/et_pb_column][\/et_pb_row][et_pb_row column_structure=&#8221;1_3,2_3&#8243; _builder_version=&#8221;4.7.6&#8243; _module_preset=&#8221;default&#8221; transform_translate=&#8221;50px|0px&#8221;][et_pb_column type=&#8221;1_3&#8243; _builder_version=&#8221;4.7.6&#8243; _module_preset=&#8221;default&#8221;][\/et_pb_column][et_pb_column type=&#8221;2_3&#8243; _builder_version=&#8221;4.7.6&#8243; _module_preset=&#8221;default&#8221;][\/et_pb_column][\/et_pb_row][et_pb_row column_structure=&#8221;1_2,1_2&#8243; _builder_version=&#8221;4.7.6&#8243; _module_preset=&#8221;default&#8221; transform_translate_linked=&#8221;off&#8221; custom_padding=&#8221;194px||154px|||&#8221; hover_enabled=&#8221;0&#8243; transform_styles__hover_enabled=&#8221;on|desktop&#8221; transform_scale__hover_enabled=&#8221;on|desktop&#8221; transform_translate__hover_enabled=&#8221;on|desktop&#8221; transform_rotate__hover_enabled=&#8221;on|desktop&#8221; transform_skew__hover_enabled=&#8221;on|desktop&#8221; transform_origin__hover_enabled=&#8221;on|desktop&#8221; width=&#8221;50%&#8221; sticky_enabled=&#8221;0&#8243;][et_pb_column type=&#8221;1_2&#8243; _builder_version=&#8221;4.7.6&#8243; _module_preset=&#8221;default&#8221;][dsm_flipbox _builder_version=&#8221;4.7.6&#8243; _module_preset=&#8221;default&#8221;][dsm_flipbox_child image=&#8221;http:\/\/arquitectura101.com\/wp-content\/uploads\/2021\/11\/Planeacion-1.svg&#8221; button_url_new_window=&#8221;1&#8243; _builder_version=&#8221;4.7.6&#8243; _module_preset=&#8221;default&#8221;][\/dsm_flipbox_child][dsm_flipbox_child button_url_new_window=&#8221;1&#8243; _builder_version=&#8221;4.7.6&#8243; _module_preset=&#8221;default&#8221; custom_margin=&#8221;||||false|false&#8221; custom_padding=&#8221;0px|40px||40px|false|false&#8221; border_color_all=&#8221;#ffffff&#8221;]<\/p>\n<p style=\"text-align: justify; color: white; font-size: 1.7em; font-weight: 400; line-height: 1.4em;\">Dise\u00f1amos planes de presupuesto, costos y cronogramas de actividades de acuerdo a tu proyecto de construcci\u00f3n\n<\/p>\n<p style=\"text-align: justify;\">[\/dsm_flipbox_child][\/dsm_flipbox][\/et_pb_column][et_pb_column type=&#8221;1_2&#8243; _builder_version=&#8221;4.7.6&#8243; _module_preset=&#8221;default&#8221;][dsm_flipbox _builder_version=&#8221;4.7.6&#8243; _module_preset=&#8221;default&#8221;][dsm_flipbox_child image=&#8221;http:\/\/arquitectura101.com\/wp-content\/uploads\/2021\/11\/Modelado-3D-1.svg&#8221; button_url_new_window=&#8221;1&#8243; _builder_version=&#8221;4.7.6&#8243; _module_preset=&#8221;default&#8221;][\/dsm_flipbox_child][dsm_flipbox_child button_url_new_window=&#8221;1&#8243; _builder_version=&#8221;4.7.6&#8243; _module_preset=&#8221;default&#8221; custom_margin=&#8221;||||false|false&#8221; custom_padding=&#8221;0px|40px||40px|false|false&#8221; border_color_all=&#8221;#ffffff&#8221;]<\/p>\n<p style=\"text-align: justify; color: white; font-size: 1.7em; font-weight: 400; line-height: 1.4em;\">Presentamos tus proyectos en modelado 3D y as\u00ed tener m\u00e1s claro los procesos de construcci\u00f3n, detectar mejoras en el dise\u00f1o y tener una idea clara de c\u00f3mo lucir\u00e1 la obra cuando se lleve a cabo.\n<\/p>\n<p style=\"text-align: justify;\">[\/dsm_flipbox_child][\/dsm_flipbox][\/et_pb_column][\/et_pb_row][et_pb_row column_structure=&#8221;1_3,2_3&#8243; _builder_version=&#8221;4.7.6&#8243; _module_preset=&#8221;default&#8221; transform_translate=&#8221;-50px|0px&#8221; transform_translate_linked=&#8221;off&#8221; transform_origin=&#8221;54%|48%&#8221;][et_pb_column type=&#8221;1_3&#8243; _builder_version=&#8221;4.7.6&#8243; _module_preset=&#8221;default&#8221;][\/et_pb_column][et_pb_column type=&#8221;2_3&#8243; _builder_version=&#8221;4.7.6&#8243; _module_preset=&#8221;default&#8221;][\/et_pb_column][\/et_pb_row][et_pb_row column_structure=&#8221;1_4,1_2,1_4&#8243; _builder_version=&#8221;4.7.6&#8243; _module_preset=&#8221;default&#8221; transform_translate_linked=&#8221;off&#8221; custom_padding=&#8221;194px||154px|||&#8221; hover_enabled=&#8221;0&#8243; transform_styles__hover_enabled=&#8221;on|desktop&#8221; transform_scale__hover_enabled=&#8221;on|desktop&#8221; transform_translate__hover_enabled=&#8221;on|desktop&#8221; transform_rotate__hover_enabled=&#8221;on|desktop&#8221; transform_skew__hover_enabled=&#8221;on|desktop&#8221; transform_origin__hover_enabled=&#8221;on|desktop&#8221; width=&#8221;50%&#8221; sticky_enabled=&#8221;0&#8243;][et_pb_column type=&#8221;1_4&#8243; _builder_version=&#8221;4.7.6&#8243; _module_preset=&#8221;default&#8221;][\/et_pb_column][et_pb_column type=&#8221;1_2&#8243; _builder_version=&#8221;4.7.6&#8243; _module_preset=&#8221;default&#8221;][dsm_flipbox _builder_version=&#8221;4.7.6&#8243; _module_preset=&#8221;default&#8221;][dsm_flipbox_child image=&#8221;http:\/\/arquitectura101.com\/wp-content\/uploads\/2021\/11\/Visualizacion-2.svg&#8221; button_url_new_window=&#8221;1&#8243; _builder_version=&#8221;4.7.6&#8243; _module_preset=&#8221;default&#8221;][\/dsm_flipbox_child][dsm_flipbox_child button_url_new_window=&#8221;1&#8243; _builder_version=&#8221;4.7.6&#8243; _module_preset=&#8221;default&#8221; custom_margin=&#8221;||||false|false&#8221; custom_padding=&#8221;0px|40px||40px|false|false&#8221; border_color_all=&#8221;#ffffff&#8221;]<\/p>\n<p style=\"text-align: justify; color: white; font-size: 1.7em; font-weight: 400; line-height: 1.4em;\">A trav\u00e9s de tecnolog\u00eda avanzada podemos recrear tus proyectos como te los imaginas, dado que esto permite darles realismo y apreciar cada detalle, esto lo podemos llevar a cabo a trav\u00e9s de renders fijos, Tour virtual 360 y video.<\/p>\n<p style=\"text-align: justify;\">[\/dsm_flipbox_child][\/dsm_flipbox][\/et_pb_column][et_pb_column type=&#8221;1_4&#8243; _builder_version=&#8221;4.7.6&#8243; _module_preset=&#8221;default&#8221;][\/et_pb_column][\/et_pb_row][\/et_pb_section]<\/p>\n","protected":false},"excerpt":{"rendered":"<p>[et_pb_section fb_built=&#8221;1&#8243; module_id=&#8221;&#8216;FONDO_PARTICULAS&#8217;&#8221; module_class=&#8221;&#8216;FONDO_PARTICULAS&#8217;&#8221; _builder_version=&#8221;4.7.6&#8243; _module_preset=&#8221;default&#8221; background_enable_color=&#8221;off&#8221; use_background_color_gradient=&#8221;on&#8221; background_color_gradient_start=&#8221;rgba(10,0,0,0.93)&#8221; background_color_gradient_end=&#8221;rgba(0,0,0,0.96)&#8221; background_image=&#8221;http:\/\/arquitectura101.com\/wp-content\/uploads\/2023\/08\/fondo-lineas-01.svg&#8221; parallax=&#8221;on&#8221; parallax_method=&#8221;off&#8221; custom_padding=&#8221;30px|||||&#8221; filter_hue_rotate=&#8221;22deg&#8221; filter_saturate=&#8221;0%&#8221; hover_enabled=&#8221;0&#8243; custom_css_before=&#8221;&#8216;FONDO_PARTICULAS&#8217;&#8221; custom_css_main_element=&#8221;&#8216;FONDO_PARTICULAS&#8217;&#8221; custom_css_after=&#8221;&#8216;FONDO_PARTICULAS&#8217;&#8221; filter_contrast__hover_enabled=&#8221;on|desktop&#8221; filter_contrast__hover=&#8221;&#8221; background__hover_enabled=&#8221;off|hover&#8221; background_enable_image__hover=&#8221;off&#8221; background_enable_color__hover=&#8221;off&#8221; sticky_enabled=&#8221;0&#8243; title_text=&#8221;fondo lineas-01&#8243; null=&#8221;rgba(10,10,10,0)&#8221;][et_pb_row column_structure=&#8221;1_3,1_3,1_3&#8243; _builder_version=&#8221;4.7.6&#8243; _module_preset=&#8221;default&#8221;][et_pb_column type=&#8221;1_3&#8243; _builder_version=&#8221;4.7.6&#8243; _module_preset=&#8221;default&#8221;][\/et_pb_column][et_pb_column type=&#8221;1_3&#8243; _builder_version=&#8221;4.7.6&#8243; _module_preset=&#8221;default&#8221;][\/et_pb_column][et_pb_column type=&#8221;1_3&#8243; _builder_version=&#8221;4.7.6&#8243; _module_preset=&#8221;default&#8221;][\/et_pb_column][\/et_pb_row][et_pb_row column_structure=&#8221;1_2,1_2&#8243; _builder_version=&#8221;4.7.6&#8243; _module_preset=&#8221;default&#8221; transform_translate_linked=&#8221;off&#8221; custom_padding=&#8221;194px||154px|||&#8221; hover_enabled=&#8221;0&#8243; transform_styles__hover_enabled=&#8221;on|desktop&#8221; transform_scale__hover_enabled=&#8221;on|desktop&#8221; transform_translate__hover_enabled=&#8221;on|desktop&#8221; transform_rotate__hover_enabled=&#8221;on|desktop&#8221; transform_skew__hover_enabled=&#8221;on|desktop&#8221; transform_origin__hover_enabled=&#8221;on|desktop&#8221; width=&#8221;50%&#8221; sticky_enabled=&#8221;0&#8243;][et_pb_column [&hellip;]<\/p>\n","protected":false},"author":1,"featured_media":0,"parent":0,"menu_order":0,"comment_status":"closed","ping_status":"closed","template":"","meta":{"_et_pb_use_builder":"on","_et_pb_old_content":"","_et_gb_content_width":"","footnotes":""},"class_list":["post-659","page","type-page","status-publish","hentry"],"_links":{"self":[{"href":"http:\/\/arquitectura101.com\/index.php\/wp-json\/wp\/v2\/pages\/659","targetHints":{"allow":["GET"]}}],"collection":[{"href":"http:\/\/arquitectura101.com\/index.php\/wp-json\/wp\/v2\/pages"}],"about":[{"href":"http:\/\/arquitectura101.com\/index.php\/wp-json\/wp\/v2\/types\/page"}],"author":[{"embeddable":true,"href":"http:\/\/arquitectura101.com\/index.php\/wp-json\/wp\/v2\/users\/1"}],"replies":[{"embeddable":true,"href":"http:\/\/arquitectura101.com\/index.php\/wp-json\/wp\/v2\/comments?post=659"}],"version-history":[{"count":63,"href":"http:\/\/arquitectura101.com\/index.php\/wp-json\/wp\/v2\/pages\/659\/revisions"}],"predecessor-version":[{"id":1700,"href":"http:\/\/arquitectura101.com\/index.php\/wp-json\/wp\/v2\/pages\/659\/revisions\/1700"}],"wp:attachment":[{"href":"http:\/\/arquitectura101.com\/index.php\/wp-json\/wp\/v2\/media?parent=659"}],"curies":[{"name":"wp","href":"https:\/\/api.w.org\/{rel}","templated":true}]}}