{"id":1665,"date":"2023-08-24T15:11:45","date_gmt":"2023-08-24T15:11:45","guid":{"rendered":"http:\/\/arquitectura101.com\/?page_id=1665"},"modified":"2023-08-24T20:41:41","modified_gmt":"2023-08-24T20:41:41","slug":"taj-luxury","status":"publish","type":"page","link":"http:\/\/arquitectura101.com\/index.php\/taj-luxury\/","title":{"rendered":"TAJ LUXURY"},"content":{"rendered":"<p>[et_pb_section fb_built=&#8221;1&#8243; _builder_version=&#8221;4.7.6&#8243; _module_preset=&#8221;default&#8221; background_image=&#8221;http:\/\/arquitectura101.com\/wp-content\/uploads\/2023\/08\/fondo-puntos-01.svg&#8221; parallax=&#8221;on&#8221; parallax_method=&#8221;off&#8221; custom_padding=&#8221;30px|||||&#8221; background_last_edited=&#8221;on|desktop&#8221; background_enable_image_phone=&#8221;off&#8221;][et_pb_row column_structure=&#8221;1_2,1_2&#8243; _builder_version=&#8221;4.7.6&#8243; _module_preset=&#8221;default&#8221; width=&#8221;100%&#8221; max_width=&#8221;1415px&#8221;][et_pb_column type=&#8221;1_2&#8243; _builder_version=&#8221;4.7.6&#8243; _module_preset=&#8221;default&#8221;][et_pb_code _builder_version=&#8221;4.7.6&#8243; _module_preset=&#8221;default&#8221; text_orientation=&#8221;center&#8221; width=&#8221;79%&#8221; module_alignment=&#8221;center&#8221; hover_enabled=&#8221;0&#8243; sticky_enabled=&#8221;0&#8243;]<\/p>\n<div class=\"image-container-2\"><!-- [et_pb_line_break_holder] --><!-- [et_pb_line_break_holder] --><!-- [et_pb_line_break_holder] --><\/p>\n<div class=\"titulo-normal\"> TAJ <span style=\"color:black\">Luxury<\/span><!\u2013- [et_pb_br_holder] -\u2013><!\u2013- [et_pb_br_holder] -\u2013><!\u2013- [et_pb_br_holder] -\u2013><\/div>\n<p><!-- [et_pb_line_break_holder] --><img decoding=\"async\" src=\"http:\/\/arquitectura101.com\/wp-content\/uploads\/2023\/08\/destacadda-Taj.jpg\" alt=\"Imagen\" \/><!-- [et_pb_line_break_holder] --><\/div>\n<p>[\/et_pb_code][\/et_pb_column][et_pb_column type=&#8221;1_2&#8243; _builder_version=&#8221;4.7.6&#8243; _module_preset=&#8221;default&#8221;][et_pb_image src=&#8221;http:\/\/arquitectura101.com\/wp-content\/uploads\/2023\/08\/Taj-Luxury-Fachada.jpg&#8221; title_text=&#8221;Taj-Luxury-Fachada&#8221; _builder_version=&#8221;4.7.6&#8243; _module_preset=&#8221;default&#8221; width=&#8221;87%&#8221; module_alignment=&#8221;center&#8221; hover_enabled=&#8221;0&#8243; sticky_enabled=&#8221;0&#8243;][\/et_pb_image][\/et_pb_column][\/et_pb_row][et_pb_row disabled_on=&#8221;off|on|on&#8221; _builder_version=&#8221;4.7.6&#8243; _module_preset=&#8221;default&#8221; background_enable_color=&#8221;off&#8221; background_enable_image=&#8221;off&#8221; min_height=&#8221;77%&#8221;][et_pb_column type=&#8221;4_4&#8243; _builder_version=&#8221;4.7.6&#8243; _module_preset=&#8221;default&#8221; background_color=&#8221;rgba(255,255,255,0)&#8221; z_index=&#8221;43&#8243; animation_style=&#8221;slide&#8221; animation_speed_curve=&#8221;linear&#8221; border_width_all=&#8221;3px&#8221;][et_pb_text _builder_version=&#8221;4.7.6&#8243; _module_preset=&#8221;default&#8221; text_font=&#8221;Arial|900|||||||&#8221; text_font_size=&#8221;395%&#8221; text_line_height=&#8221;1em&#8221; background_color=&#8221;rgba(0,0,0,0)&#8221; width=&#8221;100%&#8221; max_width=&#8221;95%&#8221; custom_margin=&#8221;37px||||false|false&#8221; custom_padding=&#8221;||0px|36px||&#8221; hover_enabled=&#8221;0&#8243; sticky_enabled=&#8221;0&#8243;]<\/p>\n<p style=\"font-size: 0.3em; text-align: center;\"><span style=\"font-size: 3em;\">Taj<\/span><span color=\"#000000\" style=\"font-size: 3em; color: #000000;\"> Luxury<\/span><\/p>\n<p style=\"font-size: 0.3em; text-align: center;\"><span color=\"#000000\" style=\"font-size: 3em; color: #000000;\"><\/span><\/p>\n<p style=\"font-size: 0.3em; text-align: center;\"><span color=\"#000000\" style=\"font-size: 3em; color: #000000;\"><\/span><\/p>\n<p>[\/et_pb_text][\/et_pb_column][\/et_pb_row][et_pb_row _builder_version=&#8221;4.7.6&#8243; _module_preset=&#8221;default&#8221;][et_pb_column type=&#8221;4_4&#8243; _builder_version=&#8221;4.7.6&#8243; _module_preset=&#8221;default&#8221;][et_pb_code _builder_version=&#8221;4.7.6&#8243; _module_preset=&#8221;default&#8221; hover_enabled=&#8221;0&#8243; sticky_enabled=&#8221;0&#8243;]<\/p>\n<div class=\"parrafo-intro\"><!-- [et_pb_line_break_holder] --><!-- [et_pb_line_break_holder] --><!-- [et_pb_line_break_holder] -->El dise\u00f1o de este mega proyecto, hace que la elegancia y el confort se concreten para que los residentes puedan tener un estilo de vida de confort y lujo en uno de los mejores sectores de Bogot\u00e1.<!-- [et_pb_line_break_holder] --><!-- [et_pb_line_break_holder] --><!-- [et_pb_line_break_holder] --><\/div>\n<p>[\/et_pb_code][\/et_pb_column][\/et_pb_row][et_pb_row column_structure=&#8221;1_3,1_3,1_3&#8243; _builder_version=&#8221;4.7.6&#8243; _module_preset=&#8221;default&#8221;][et_pb_column type=&#8221;1_3&#8243; _builder_version=&#8221;4.7.6&#8243; _module_preset=&#8221;default&#8221;][et_pb_code _builder_version=&#8221;4.7.6&#8243; _module_preset=&#8221;default&#8221; hover_enabled=&#8221;0&#8243; sticky_enabled=&#8221;0&#8243;]<!-- [et_pb_line_break_holder] --><!-- [et_pb_line_break_holder] --><!-- [et_pb_line_break_holder] --><\/p>\n<div class=\"image-container\"><!-- [et_pb_line_break_holder] -->    <img src=http:\/\/arquitectura101.com\/wp-content\/uploads\/2023\/08\/Taj-Luxury-3.jpg\" alt=\"Imagen\" \/><!-- [et_pb_line_break_holder] --><\/div>\n<p>[\/et_pb_code][et_pb_code _builder_version=&#8221;4.7.6&#8243; _module_preset=&#8221;default&#8221; hover_enabled=&#8221;0&#8243; sticky_enabled=&#8221;0&#8243;]<!-- [et_pb_line_break_holder] --><!-- [et_pb_line_break_holder] --> <!-- [et_pb_line_break_holder] -->  <!-- [et_pb_line_break_holder] --><!-- [et_pb_line_break_holder] --><!-- [et_pb_line_break_holder] --><\/p>\n<div class=\"parrafo-normal\"><!-- [et_pb_line_break_holder] --><!-- [et_pb_line_break_holder] --><!-- [et_pb_line_break_holder] -->Una oportunidad de inversi\u00f3n \u00fanica en un excelente proyecto compuesto por 322 apartamentos con \u00e1reas desde 24.44 m\u00b2 hasta 45.76 m\u00b2 \u00e1rea contruida que se entregar\u00e1n totalmente amoblados y domotizados a un precio inimaginable, acompa\u00f1ado de amenidades \u00fanicas que rememoran un club de lujo en uno de los sectores con mayor valorizaci\u00f3n de Bogot\u00e1 como lo es el barrio chico.<\/div>\n<p>[\/et_pb_code][et_pb_button button_url=&#8221;http:\/\/arquitectura101.com\/index.php\/2023\/03\/10\/renders-civitas102-2\/&#8221; url_new_window=&#8221;on&#8221; button_text=&#8221;RENDERS&#8221; button_alignment=&#8221;center&#8221; _builder_version=&#8221;4.7.6&#8243; _module_preset=&#8221;default&#8221; custom_button=&#8221;on&#8221; button_border_radius=&#8221;0px&#8221; button_icon_color=&#8221;#000000&#8243; hover_enabled=&#8221;0&#8243; sticky_enabled=&#8221;0&#8243;][\/et_pb_button][\/et_pb_column][et_pb_column type=&#8221;1_3&#8243; _builder_version=&#8221;4.7.6&#8243; _module_preset=&#8221;default&#8221;][et_pb_code _builder_version=&#8221;4.7.6&#8243; _module_preset=&#8221;default&#8221; hover_enabled=&#8221;0&#8243; sticky_enabled=&#8221;0&#8243;]<!-- [et_pb_line_break_holder] --><!-- [et_pb_line_break_holder] --><!-- [et_pb_line_break_holder] --><\/p>\n<div class=\"image-container\"><!-- [et_pb_line_break_holder] -->  <img decoding=\"async\" src=\"http:\/\/arquitectura101.com\/wp-content\/uploads\/2023\/08\/Taj-Luxury-2.jpg\" alt=\"Imagen\" \/><!-- [et_pb_line_break_holder] --><\/div>\n<p>[\/et_pb_code][et_pb_code _builder_version=&#8221;4.7.6&#8243; _module_preset=&#8221;default&#8221; hover_enabled=&#8221;0&#8243; sticky_enabled=&#8221;0&#8243;]<\/p>\n<div class=\"parrafo-normal\"><!-- [et_pb_line_break_holder] --> <!-- [et_pb_line_break_holder] -->El Spa, zonas semi h\u00famedas, Gimnasio, Lounge con zona de relax y de trabajo, \u00e1rea de BBQ lounge, la Zona de Yoga, Zona de teppanyaki, terraza con pista de trote, golfito, crossfit, cancha de PICKLEBALL y el sal\u00f3n de juegos del edificio ser\u00e1n el complemento perfecto para hacer de Taj Luxury la mejor alternativa de inversi\u00f3n.<!-- [et_pb_line_break_holder] --><!-- [et_pb_line_break_holder] --><!-- [et_pb_line_break_holder] --><\/div>\n<p>[\/et_pb_code][et_pb_button button_url=&#8221;http:\/\/arquitectura101.com\/index.php\/2023\/03\/10\/concepto-taj-luxury\/&#8221; url_new_window=&#8221;on&#8221; button_text=&#8221;CONCEPTO&#8221; button_alignment=&#8221;center&#8221; _builder_version=&#8221;4.7.6&#8243; _module_preset=&#8221;default&#8221; custom_button=&#8221;on&#8221; button_border_radius=&#8221;0px&#8221; button_icon_color=&#8221;#000000&#8243; hover_enabled=&#8221;0&#8243; sticky_enabled=&#8221;0&#8243;][\/et_pb_button][\/et_pb_column][et_pb_column type=&#8221;1_3&#8243; _builder_version=&#8221;4.7.6&#8243; _module_preset=&#8221;default&#8221;][et_pb_code _builder_version=&#8221;4.7.6&#8243; _module_preset=&#8221;default&#8221; hover_enabled=&#8221;0&#8243; sticky_enabled=&#8221;0&#8243;]<\/p>\n<div class=\"image-container\"><!-- [et_pb_line_break_holder] -->  <img decoding=\"async\" src=\"http:\/\/arquitectura101.com\/wp-content\/uploads\/2023\/08\/Taj-Luxury-1.jpg\" alt=\"Imagen\" \/><!-- [et_pb_line_break_holder] --><\/div>\n<p>[\/et_pb_code][et_pb_code _builder_version=&#8221;4.7.6&#8243; _module_preset=&#8221;default&#8221; hover_enabled=&#8221;0&#8243; sticky_enabled=&#8221;0&#8243;]<\/p>\n<div class=\"parrafo-normal\"><!-- [et_pb_line_break_holder] --> <!-- [et_pb_line_break_holder] -->El dise\u00f1o, las zonas comunes y el concepto definen el dinamismo de  la personalidad de lo que ser\u00e1 un gran proyecto inmobiliario<!-- [et_pb_line_break_holder] --><!-- [et_pb_line_break_holder] --><\/div>\n<p>[\/et_pb_code][et_pb_button button_url=&#8221;@ET-DC@eyJkeW5hbWljIjp0cnVlLCJjb250ZW50IjoicG9zdF9saW5rX3VybF9wb3N0Iiwic2V0dGluZ3MiOnsicG9zdF9pZCI6IjE0MjUifX0=@&#8221; url_new_window=&#8221;on&#8221; button_text=&#8221;CONSTRUCCI\u00d3N&#8221; button_alignment=&#8221;center&#8221; _builder_version=&#8221;4.7.6&#8243; _dynamic_attributes=&#8221;button_url&#8221; _module_preset=&#8221;default&#8221; custom_button=&#8221;on&#8221; button_border_radius=&#8221;0px&#8221; button_icon_color=&#8221;#000000&#8243; hover_enabled=&#8221;0&#8243; sticky_enabled=&#8221;0&#8243;][\/et_pb_button][\/et_pb_column][\/et_pb_row][et_pb_row column_structure=&#8221;1_3,1_3,1_3&#8243; _builder_version=&#8221;4.7.6&#8243; _module_preset=&#8221;default&#8221; saved_tabs=&#8221;all&#8221;][et_pb_column type=&#8221;1_3&#8243; _builder_version=&#8221;4.7.6&#8243; _module_preset=&#8221;default&#8221;][et_pb_code _builder_version=&#8221;4.7.6&#8243; _module_preset=&#8221;default&#8221;][\/et_pb_code][\/et_pb_column][et_pb_column type=&#8221;1_3&#8243; _builder_version=&#8221;4.7.6&#8243; _module_preset=&#8221;default&#8221;][et_pb_text _builder_version=&#8221;4.7.6&#8243; _module_preset=&#8221;default&#8221;][\/et_pb_text][\/et_pb_column][et_pb_column type=&#8221;1_3&#8243; _builder_version=&#8221;4.7.6&#8243; _module_preset=&#8221;default&#8221;][et_pb_text _builder_version=&#8221;4.7.6&#8243; _module_preset=&#8221;default&#8221;][\/et_pb_text][\/et_pb_column][\/et_pb_row][\/et_pb_section]<\/p>\n","protected":false},"excerpt":{"rendered":"<p>[et_pb_section fb_built=&#8221;1&#8243; _builder_version=&#8221;4.7.6&#8243; _module_preset=&#8221;default&#8221; background_image=&#8221;http:\/\/arquitectura101.com\/wp-content\/uploads\/2023\/08\/fondo-puntos-01.svg&#8221; parallax=&#8221;on&#8221; parallax_method=&#8221;off&#8221; custom_padding=&#8221;30px|||||&#8221; background_last_edited=&#8221;on|desktop&#8221; background_enable_image_phone=&#8221;off&#8221;][et_pb_row column_structure=&#8221;1_2,1_2&#8243; _builder_version=&#8221;4.7.6&#8243; _module_preset=&#8221;default&#8221; width=&#8221;100%&#8221; max_width=&#8221;1415px&#8221;][et_pb_column type=&#8221;1_2&#8243; _builder_version=&#8221;4.7.6&#8243; _module_preset=&#8221;default&#8221;][et_pb_code _builder_version=&#8221;4.7.6&#8243; _module_preset=&#8221;default&#8221; text_orientation=&#8221;center&#8221; width=&#8221;79%&#8221; module_alignment=&#8221;center&#8221; hover_enabled=&#8221;0&#8243; sticky_enabled=&#8221;0&#8243;] TAJ Luxury [\/et_pb_code][\/et_pb_column][et_pb_column type=&#8221;1_2&#8243; _builder_version=&#8221;4.7.6&#8243; _module_preset=&#8221;default&#8221;][et_pb_image src=&#8221;http:\/\/arquitectura101.com\/wp-content\/uploads\/2023\/08\/Taj-Luxury-Fachada.jpg&#8221; title_text=&#8221;Taj-Luxury-Fachada&#8221; _builder_version=&#8221;4.7.6&#8243; _module_preset=&#8221;default&#8221; width=&#8221;87%&#8221; module_alignment=&#8221;center&#8221; hover_enabled=&#8221;0&#8243; sticky_enabled=&#8221;0&#8243;][\/et_pb_image][\/et_pb_column][\/et_pb_row][et_pb_row disabled_on=&#8221;off|on|on&#8221; _builder_version=&#8221;4.7.6&#8243; _module_preset=&#8221;default&#8221; background_enable_color=&#8221;off&#8221; background_enable_image=&#8221;off&#8221; min_height=&#8221;77%&#8221;][et_pb_column type=&#8221;4_4&#8243; _builder_version=&#8221;4.7.6&#8243; _module_preset=&#8221;default&#8221; background_color=&#8221;rgba(255,255,255,0)&#8221; z_index=&#8221;43&#8243; animation_style=&#8221;slide&#8221; animation_speed_curve=&#8221;linear&#8221; border_width_all=&#8221;3px&#8221;][et_pb_text _builder_version=&#8221;4.7.6&#8243; _module_preset=&#8221;default&#8221; [&hellip;]<\/p>\n","protected":false},"author":1,"featured_media":0,"parent":0,"menu_order":0,"comment_status":"closed","ping_status":"closed","template":"","meta":{"_et_pb_use_builder":"on","_et_pb_old_content":"","_et_gb_content_width":"","footnotes":""},"class_list":["post-1665","page","type-page","status-publish","hentry"],"_links":{"self":[{"href":"http:\/\/arquitectura101.com\/index.php\/wp-json\/wp\/v2\/pages\/1665","targetHints":{"allow":["GET"]}}],"collection":[{"href":"http:\/\/arquitectura101.com\/index.php\/wp-json\/wp\/v2\/pages"}],"about":[{"href":"http:\/\/arquitectura101.com\/index.php\/wp-json\/wp\/v2\/types\/page"}],"author":[{"embeddable":true,"href":"http:\/\/arquitectura101.com\/index.php\/wp-json\/wp\/v2\/users\/1"}],"replies":[{"embeddable":true,"href":"http:\/\/arquitectura101.com\/index.php\/wp-json\/wp\/v2\/comments?post=1665"}],"version-history":[{"count":8,"href":"http:\/\/arquitectura101.com\/index.php\/wp-json\/wp\/v2\/pages\/1665\/revisions"}],"predecessor-version":[{"id":1694,"href":"http:\/\/arquitectura101.com\/index.php\/wp-json\/wp\/v2\/pages\/1665\/revisions\/1694"}],"wp:attachment":[{"href":"http:\/\/arquitectura101.com\/index.php\/wp-json\/wp\/v2\/media?parent=1665"}],"curies":[{"name":"wp","href":"https:\/\/api.w.org\/{rel}","templated":true}]}}