{"id":1638,"date":"2023-08-24T19:32:44","date_gmt":"2023-08-24T19:32:44","guid":{"rendered":"http:\/\/arquitectura101.com\/?page_id=1638"},"modified":"2023-08-24T21:03:57","modified_gmt":"2023-08-24T21:03:57","slug":"civitas102","status":"publish","type":"page","link":"http:\/\/arquitectura101.com\/index.php\/civitas102\/","title":{"rendered":"CIVITAS 102"},"content":{"rendered":"<p>[et_pb_section fb_built=&#8221;1&#8243; _builder_version=&#8221;4.7.6&#8243; _module_preset=&#8221;default&#8221; background_image=&#8221;http:\/\/arquitectura101.com\/wp-content\/uploads\/2023\/08\/fondo-puntos-01.svg&#8221; parallax=&#8221;on&#8221; parallax_method=&#8221;off&#8221; custom_padding=&#8221;30px|||||&#8221; background_last_edited=&#8221;on|desktop&#8221; background_enable_image_phone=&#8221;off&#8221;][et_pb_row column_structure=&#8221;1_2,1_2&#8243; _builder_version=&#8221;4.7.6&#8243; _module_preset=&#8221;default&#8221; width=&#8221;100%&#8221; max_width=&#8221;1415px&#8221;][et_pb_column type=&#8221;1_2&#8243; _builder_version=&#8221;4.7.6&#8243; _module_preset=&#8221;default&#8221;][et_pb_code _builder_version=&#8221;4.7.6&#8243; _module_preset=&#8221;default&#8221; text_orientation=&#8221;center&#8221; width=&#8221;79%&#8221; module_alignment=&#8221;center&#8221;]<\/p>\n<div class=\"image-container-2\"><!-- [et_pb_line_break_holder] --><!-- [et_pb_line_break_holder] --><\/p>\n<div class=\"titulo-normal\"> Civitas <span style=\"color:black\">102<\/span><\/div>\n<p> <!\u2013- [et_pb_br_holder] -\u2013> <!\u2013- [et_pb_br_holder] -\u2013>\u00a0 \u00a0 \u00a0 \u00a0<img decoding=\"async\" src=\"http:\/\/arquitectura101.com\/wp-content\/uploads\/2023\/08\/destacadda-civitas.jpg\" alt=\"Imagen\" \/><!-- [et_pb_line_break_holder] --><\/div>\n<p>[\/et_pb_code][\/et_pb_column][et_pb_column type=&#8221;1_2&#8243; _builder_version=&#8221;4.7.6&#8243; _module_preset=&#8221;default&#8221;][et_pb_image src=&#8221;http:\/\/arquitectura101.com\/wp-content\/uploads\/2023\/08\/Civitas-102.jpg&#8221; title_text=&#8221;Civitas-102&#8243; _builder_version=&#8221;4.7.6&#8243; _module_preset=&#8221;default&#8221; width=&#8221;66%&#8221; module_alignment=&#8221;center&#8221;][\/et_pb_image][\/et_pb_column][\/et_pb_row][et_pb_row disabled_on=&#8221;off|on|on&#8221; _builder_version=&#8221;4.7.6&#8243; _module_preset=&#8221;default&#8221; background_enable_color=&#8221;off&#8221; background_enable_image=&#8221;off&#8221; min_height=&#8221;77%&#8221;][et_pb_column type=&#8221;4_4&#8243; _builder_version=&#8221;4.7.6&#8243; _module_preset=&#8221;default&#8221; background_color=&#8221;rgba(255,255,255,0)&#8221; z_index=&#8221;43&#8243; animation_style=&#8221;slide&#8221; animation_speed_curve=&#8221;linear&#8221; border_width_all=&#8221;3px&#8221;][et_pb_text _builder_version=&#8221;4.7.6&#8243; _module_preset=&#8221;default&#8221; text_font=&#8221;Arial|900|||||||&#8221; text_font_size=&#8221;395%&#8221; text_line_height=&#8221;1em&#8221; background_color=&#8221;rgba(0,0,0,0)&#8221; width=&#8221;100%&#8221; max_width=&#8221;95%&#8221; custom_margin=&#8221;37px||||false|false&#8221; custom_padding=&#8221;||0px|36px||&#8221;]<\/p>\n<p style=\"font-size: 0.3em; text-align: center;\"><span style=\"font-size: 3em;\">Civitas <\/span><span color=\"#000000\" style=\"font-size: 3em; color: #000000;\">102<\/span><\/p>\n<p style=\"font-size: 0.3em; text-align: center;\"><span color=\"#000000\" style=\"font-size: 3em; color: #000000;\"><\/span><\/p>\n<p style=\"font-size: 0.3em; text-align: center;\"><span color=\"#000000\" style=\"font-size: 3em; color: #000000;\"><\/span><\/p>\n<p>[\/et_pb_text][\/et_pb_column][\/et_pb_row][et_pb_row _builder_version=&#8221;4.7.6&#8243; _module_preset=&#8221;default&#8221;][et_pb_column type=&#8221;4_4&#8243; _builder_version=&#8221;4.7.6&#8243; _module_preset=&#8221;default&#8221;][et_pb_code _builder_version=&#8221;4.7.6&#8243; _module_preset=&#8221;default&#8221;]<\/p>\n<div class=\"parrafo-intro\"><!-- [et_pb_line_break_holder] --><!-- [et_pb_line_break_holder] --><!-- [et_pb_line_break_holder] -->Para este edificio tipo Coliving, hemos llevado a cabo las fases de proyecci\u00f3n, dise\u00f1o arquitect\u00f3nico, visualizaci\u00f3n, modelado 3D y actualmente nos encontramos en la etapa de construcci\u00f3n. Todo esto lo hemos enmarcado en la metodolog\u00eda BIM, la cual nos ha garantizado obtener resultados eficientes.<!-- [et_pb_line_break_holder] --><!-- [et_pb_line_break_holder] --><\/div>\n<p>[\/et_pb_code][\/et_pb_column][\/et_pb_row][et_pb_row column_structure=&#8221;1_3,1_3,1_3&#8243; _builder_version=&#8221;4.7.6&#8243; _module_preset=&#8221;default&#8221;][et_pb_column type=&#8221;1_3&#8243; _builder_version=&#8221;4.7.6&#8243; _module_preset=&#8221;default&#8221;][et_pb_code _builder_version=&#8221;4.7.6&#8243; _module_preset=&#8221;default&#8221;]<!-- [et_pb_line_break_holder] --><!-- [et_pb_line_break_holder] --><\/p>\n<div class=\"image-container\"><!-- [et_pb_line_break_holder] -->    <img decoding=\"async\" src=\"http:\/\/arquitectura101.com\/wp-content\/uploads\/2023\/08\/Civitas-102-1.jpg\" alt=\"Imagen\" \/><!-- [et_pb_line_break_holder] --><\/div>\n<p>[\/et_pb_code][et_pb_code _builder_version=&#8221;4.7.6&#8243; _module_preset=&#8221;default&#8221;]<!-- [et_pb_line_break_holder] --><!-- [et_pb_line_break_holder] --> <!-- [et_pb_line_break_holder] -->  <!-- [et_pb_line_break_holder] --><!-- [et_pb_line_break_holder] --><\/p>\n<div class=\"parrafo-normal\"><!-- [et_pb_line_break_holder] --><!-- [et_pb_line_break_holder] --><!-- [et_pb_line_break_holder] -->Inspirados en lo org\u00e1nico y motivados por brindar la mejor experiencia de usuario hemos desarrollado un concepto que impacte en su entorno.<!-- [et_pb_line_break_holder] --><\/div>\n<p>[\/et_pb_code][et_pb_button button_url=&#8221;http:\/\/arquitectura101.com\/index.php\/2023\/03\/09\/concepto-civitas-102\/&#8221; url_new_window=&#8221;on&#8221; button_text=&#8221;CONCEPTO&#8221; button_alignment=&#8221;center&#8221; _builder_version=&#8221;4.7.6&#8243; _module_preset=&#8221;default&#8221; custom_button=&#8221;on&#8221; button_border_radius=&#8221;0px&#8221; button_icon_color=&#8221;#000000&#8243;][\/et_pb_button][\/et_pb_column][et_pb_column type=&#8221;1_3&#8243; _builder_version=&#8221;4.7.6&#8243; _module_preset=&#8221;default&#8221;][et_pb_code _builder_version=&#8221;4.7.6&#8243; _module_preset=&#8221;default&#8221;]<!-- [et_pb_line_break_holder] --><!-- [et_pb_line_break_holder] --><\/p>\n<div class=\"image-container\"><!-- [et_pb_line_break_holder] -->  <img decoding=\"async\" src=\"http:\/\/arquitectura101.com\/wp-content\/uploads\/2023\/08\/Civitas-102-2.jpg\" alt=\"Imagen\" \/><!-- [et_pb_line_break_holder] --><\/div>\n<p>[\/et_pb_code][et_pb_code _builder_version=&#8221;4.7.6&#8243; _module_preset=&#8221;default&#8221;]<\/p>\n<div class=\"parrafo-normal\"><!-- [et_pb_line_break_holder] --> <!-- [et_pb_line_break_holder] -->Los espacios que componen nuestro proyecto hacen que Civitas 102 lleve la marca de la excelencia. Conoce nuesrtros espacios.<!-- [et_pb_line_break_holder] --><!-- [et_pb_line_break_holder] --><!-- [et_pb_line_break_holder] --><!-- [et_pb_line_break_holder] --><\/div>\n<p>[\/et_pb_code][et_pb_button button_url=&#8221;http:\/\/arquitectura101.com\/index.php\/2023\/03\/09\/construccion-civitas-102\/&#8221; url_new_window=&#8221;on&#8221; button_text=&#8221;CONSTRUCCI\u00d3N&#8221; button_alignment=&#8221;center&#8221; _builder_version=&#8221;4.7.6&#8243; _module_preset=&#8221;default&#8221; custom_button=&#8221;on&#8221; button_border_radius=&#8221;0px&#8221; button_icon_color=&#8221;#000000&#8243;][\/et_pb_button][\/et_pb_column][et_pb_column type=&#8221;1_3&#8243; _builder_version=&#8221;4.7.6&#8243; _module_preset=&#8221;default&#8221;][et_pb_code _builder_version=&#8221;4.7.6&#8243; _module_preset=&#8221;default&#8221;]<\/p>\n<div class=\"image-container\"><!-- [et_pb_line_break_holder] -->  <img decoding=\"async\" src=\"http:\/\/arquitectura101.com\/wp-content\/uploads\/2023\/08\/Civitas-102-3.jpg\" alt=\"Imagen\" \/><!-- [et_pb_line_break_holder] --><\/div>\n<p>[\/et_pb_code][et_pb_code _builder_version=&#8221;4.7.6&#8243; _module_preset=&#8221;default&#8221;]<\/p>\n<div class=\"parrafo-normal\"><!-- [et_pb_line_break_holder] --> <!-- [et_pb_line_break_holder] -->En 2023 el importante sector de la 100 con 15 es testigo de la construcci\u00f3n de Civitas 102.<!-- [et_pb_line_break_holder] --><!-- [et_pb_line_break_holder] --><!-- [et_pb_line_break_holder] --><\/div>\n<p>[\/et_pb_code][et_pb_button button_url=&#8221;@ET-DC@eyJkeW5hbWljIjp0cnVlLCJjb250ZW50IjoicG9zdF9saW5rX3VybF9wb3N0Iiwic2V0dGluZ3MiOnsicG9zdF9pZCI6IjEzNzUifX0=@&#8221; url_new_window=&#8221;on&#8221; button_text=&#8221;RENDERS&#8221; button_alignment=&#8221;center&#8221; _builder_version=&#8221;4.7.6&#8243; _dynamic_attributes=&#8221;button_url&#8221; _module_preset=&#8221;default&#8221; custom_button=&#8221;on&#8221; button_border_radius=&#8221;0px&#8221; button_icon_color=&#8221;#000000&#8243;][\/et_pb_button][\/et_pb_column][\/et_pb_row][et_pb_row column_structure=&#8221;1_3,1_3,1_3&#8243; _builder_version=&#8221;4.7.6&#8243; _module_preset=&#8221;default&#8221; saved_tabs=&#8221;all&#8221;][et_pb_column type=&#8221;1_3&#8243; _builder_version=&#8221;4.7.6&#8243; _module_preset=&#8221;default&#8221;][et_pb_code _builder_version=&#8221;4.7.6&#8243; _module_preset=&#8221;default&#8221;][\/et_pb_code][\/et_pb_column][et_pb_column type=&#8221;1_3&#8243; _builder_version=&#8221;4.7.6&#8243; _module_preset=&#8221;default&#8221;][et_pb_text _builder_version=&#8221;4.7.6&#8243; _module_preset=&#8221;default&#8221;][\/et_pb_text][\/et_pb_column][et_pb_column type=&#8221;1_3&#8243; _builder_version=&#8221;4.7.6&#8243; _module_preset=&#8221;default&#8221;][et_pb_text _builder_version=&#8221;4.7.6&#8243; _module_preset=&#8221;default&#8221;][\/et_pb_text][\/et_pb_column][\/et_pb_row][\/et_pb_section]<\/p>\n","protected":false},"excerpt":{"rendered":"<p>[et_pb_section fb_built=&#8221;1&#8243; _builder_version=&#8221;4.7.6&#8243; _module_preset=&#8221;default&#8221; background_image=&#8221;http:\/\/arquitectura101.com\/wp-content\/uploads\/2023\/08\/fondo-puntos-01.svg&#8221; parallax=&#8221;on&#8221; parallax_method=&#8221;off&#8221; custom_padding=&#8221;30px|||||&#8221; background_last_edited=&#8221;on|desktop&#8221; background_enable_image_phone=&#8221;off&#8221;][et_pb_row column_structure=&#8221;1_2,1_2&#8243; _builder_version=&#8221;4.7.6&#8243; _module_preset=&#8221;default&#8221; width=&#8221;100%&#8221; max_width=&#8221;1415px&#8221;][et_pb_column type=&#8221;1_2&#8243; _builder_version=&#8221;4.7.6&#8243; _module_preset=&#8221;default&#8221;][et_pb_code _builder_version=&#8221;4.7.6&#8243; _module_preset=&#8221;default&#8221; text_orientation=&#8221;center&#8221; width=&#8221;79%&#8221; module_alignment=&#8221;center&#8221;] Civitas 102 \u00a0 \u00a0 \u00a0 \u00a0 [\/et_pb_code][\/et_pb_column][et_pb_column type=&#8221;1_2&#8243; _builder_version=&#8221;4.7.6&#8243; _module_preset=&#8221;default&#8221;][et_pb_image src=&#8221;http:\/\/arquitectura101.com\/wp-content\/uploads\/2023\/08\/Civitas-102.jpg&#8221; title_text=&#8221;Civitas-102&#8243; _builder_version=&#8221;4.7.6&#8243; _module_preset=&#8221;default&#8221; width=&#8221;66%&#8221; module_alignment=&#8221;center&#8221;][\/et_pb_image][\/et_pb_column][\/et_pb_row][et_pb_row disabled_on=&#8221;off|on|on&#8221; _builder_version=&#8221;4.7.6&#8243; _module_preset=&#8221;default&#8221; background_enable_color=&#8221;off&#8221; background_enable_image=&#8221;off&#8221; min_height=&#8221;77%&#8221;][et_pb_column type=&#8221;4_4&#8243; _builder_version=&#8221;4.7.6&#8243; _module_preset=&#8221;default&#8221; background_color=&#8221;rgba(255,255,255,0)&#8221; z_index=&#8221;43&#8243; animation_style=&#8221;slide&#8221; animation_speed_curve=&#8221;linear&#8221; border_width_all=&#8221;3px&#8221;][et_pb_text _builder_version=&#8221;4.7.6&#8243; _module_preset=&#8221;default&#8221; [&hellip;]<\/p>\n","protected":false},"author":1,"featured_media":0,"parent":0,"menu_order":0,"comment_status":"closed","ping_status":"closed","template":"","meta":{"_et_pb_use_builder":"on","_et_pb_old_content":"","_et_gb_content_width":"","footnotes":""},"class_list":["post-1638","page","type-page","status-publish","hentry"],"_links":{"self":[{"href":"http:\/\/arquitectura101.com\/index.php\/wp-json\/wp\/v2\/pages\/1638","targetHints":{"allow":["GET"]}}],"collection":[{"href":"http:\/\/arquitectura101.com\/index.php\/wp-json\/wp\/v2\/pages"}],"about":[{"href":"http:\/\/arquitectura101.com\/index.php\/wp-json\/wp\/v2\/types\/page"}],"author":[{"embeddable":true,"href":"http:\/\/arquitectura101.com\/index.php\/wp-json\/wp\/v2\/users\/1"}],"replies":[{"embeddable":true,"href":"http:\/\/arquitectura101.com\/index.php\/wp-json\/wp\/v2\/comments?post=1638"}],"version-history":[{"count":20,"href":"http:\/\/arquitectura101.com\/index.php\/wp-json\/wp\/v2\/pages\/1638\/revisions"}],"predecessor-version":[{"id":1713,"href":"http:\/\/arquitectura101.com\/index.php\/wp-json\/wp\/v2\/pages\/1638\/revisions\/1713"}],"wp:attachment":[{"href":"http:\/\/arquitectura101.com\/index.php\/wp-json\/wp\/v2\/media?parent=1638"}],"curies":[{"name":"wp","href":"https:\/\/api.w.org\/{rel}","templated":true}]}}